{"id":9,"date":"2019-01-24T17:44:49","date_gmt":"2019-01-24T17:44:49","guid":{"rendered":"http:\/\/blogpp.dimmes.com.br\/?page_id=9"},"modified":"2023-10-09T23:43:34","modified_gmt":"2023-10-10T02:43:34","slug":"conheca-nossa-loja-virtual","status":"publish","type":"page","link":"https:\/\/www.dimmes.com.br\/blogpp\/conheca-nossa-loja-virtual\/","title":{"rendered":"Nossa Loja"},"content":{"rendered":"\n<p style=\"font-family: Arial;\">Conhe\u00e7a nossa loja virtual!&nbsp;<\/p>\n<p>&nbsp;<\/p>\n<div><style type=\"text\/css\">\n.style1 {\n\t\t\t\tcolor: #FFFFFF;\n}\n.style2 {\n\t\t\t\ttext-decoration: none;\n}\n.style3 {\n\t\t\t\tfont-family: Arial;\n}\n<\/style><\/div>\n<table class=\"rnb-columns-container\" border=\"0\" width=\"100%\" cellspacing=\"0\" cellpadding=\"0\">\n<tbody>\n<tr>\n<td class=\"rnb-force-col\" valign=\"top\">\n<table class=\"rnb-col-1\" border=\"0\" width=\"300\" cellspacing=\"0\" cellpadding=\"0\" align=\"center\">\n<tbody>\n<tr>\n<td valign=\"top\">\n<table class=\"rnb-btn-col-content\" style=\"margin: auto; border-collapse: separate;\" border=\"0\" cellspacing=\"0\" cellpadding=\"0\" align=\"center\">\n<tbody>\n<tr>\n<td style=\"font-size: 18px; font-family: Arial,Helvetica,sans-serif; color: #ffffff; font-weight: normal; padding-left: 20px; padding-right: 20px; vertical-align: middle; background-color: #247745; border-radius: 4px; border: 0px None #000;\" align=\"center\" valign=\"middle\" bgcolor=\"#dc5234\" width=\"auto\" height=\"40\"><span style=\"color: #ffffff;\"><a class=\"style2\" style=\"color: #ffffff;\" href=\"https:\/\/www.dimmes.com.br\/loja\/index.php?utm_source=blog&amp;utm_content=nossaloja\"><span class=\"style1\">Entrar na Loja<\/span><\/a><\/span><\/td>\n<\/tr>\n<\/tbody>\n<\/table>\n<\/td>\n<\/tr>\n<\/tbody>\n<\/table>\n<\/td>\n<\/tr>\n<\/tbody>\n<\/table>\n<p>&nbsp;<\/p>\n<p class=\"style3\">Para Voltar para este blog, basta clicar em BLOG no menu da \nloja. <\/p>\n","protected":false},"excerpt":{"rendered":"<p>Conhe\u00e7a nossa loja virtual!&nbsp; &nbsp; Entrar na Loja &nbsp; Para Voltar para este blog, basta clicar em BLOG no menu da loja.<\/p>\n","protected":false},"author":1,"featured_media":206,"parent":0,"menu_order":0,"comment_status":"closed","ping_status":"closed","template":"","meta":{"footnotes":""},"class_list":["post-9","page","type-page","status-publish","has-post-thumbnail","hentry"],"yoast_head":"<!-- This site is optimized with the Yoast SEO Premium plugin v17.7 (Yoast SEO v21.2) - https:\/\/yoast.com\/wordpress\/plugins\/seo\/ -->\n<title>Nossa Loja - Blog da Loja Dimmes<\/title>\n<meta name=\"robots\" content=\"index, follow, max-snippet:-1, max-image-preview:large, max-video-preview:-1\" \/>\n<link rel=\"canonical\" href=\"https:\/\/www.dimmes.com.br\/blogpp\/conheca-nossa-loja-virtual\/\" \/>\n<meta property=\"og:locale\" content=\"pt_BR\" \/>\n<meta property=\"og:type\" content=\"article\" \/>\n<meta property=\"og:title\" content=\"Nossa Loja\" \/>\n<meta property=\"og:description\" content=\"Conhe\u00e7a nossa loja virtual!&nbsp; &nbsp; Entrar na Loja &nbsp; Para Voltar para este blog, basta clicar em BLOG no menu da loja.\" \/>\n<meta property=\"og:url\" content=\"https:\/\/www.dimmes.com.br\/blogpp\/conheca-nossa-loja-virtual\/\" \/>\n<meta property=\"og:site_name\" content=\"Blog da Loja Dimmes\" \/>\n<meta property=\"article:modified_time\" content=\"2023-10-10T02:43:34+00:00\" \/>\n<meta name=\"twitter:card\" content=\"summary_large_image\" \/>\n<meta name=\"twitter:label1\" content=\"Est. tempo de leitura\" \/>\n\t<meta name=\"twitter:data1\" content=\"1 minuto\" \/>\n<script type=\"application\/ld+json\" class=\"yoast-schema-graph\">{\"@context\":\"https:\/\/schema.org\",\"@graph\":[{\"@type\":\"WebPage\",\"@id\":\"https:\/\/www.dimmes.com.br\/blogpp\/conheca-nossa-loja-virtual\/\",\"url\":\"https:\/\/www.dimmes.com.br\/blogpp\/conheca-nossa-loja-virtual\/\",\"name\":\"Nossa Loja - Blog da Loja Dimmes\",\"isPartOf\":{\"@id\":\"https:\/\/www.dimmes.com.br\/blogpp\/#website\"},\"datePublished\":\"2019-01-24T17:44:49+00:00\",\"dateModified\":\"2023-10-10T02:43:34+00:00\",\"breadcrumb\":{\"@id\":\"https:\/\/www.dimmes.com.br\/blogpp\/conheca-nossa-loja-virtual\/#breadcrumb\"},\"inLanguage\":\"pt-BR\",\"potentialAction\":[{\"@type\":\"ReadAction\",\"target\":[\"https:\/\/www.dimmes.com.br\/blogpp\/conheca-nossa-loja-virtual\/\"]}]},{\"@type\":\"BreadcrumbList\",\"@id\":\"https:\/\/www.dimmes.com.br\/blogpp\/conheca-nossa-loja-virtual\/#breadcrumb\",\"itemListElement\":[{\"@type\":\"ListItem\",\"position\":1,\"name\":\"Home\",\"item\":\"https:\/\/www.dimmes.com.br\/blogpp\/\"},{\"@type\":\"ListItem\",\"position\":2,\"name\":\"Nossa Loja\"}]},{\"@type\":\"WebSite\",\"@id\":\"https:\/\/www.dimmes.com.br\/blogpp\/#website\",\"url\":\"https:\/\/www.dimmes.com.br\/blogpp\/\",\"name\":\"Blog da Loja Dimmes\",\"description\":\"Blog com assuntos relacionados \u00e0s m\u00e3es e de interesse geral da fam\u00edlia.\",\"publisher\":{\"@id\":\"https:\/\/www.dimmes.com.br\/blogpp\/#organization\"},\"potentialAction\":[{\"@type\":\"SearchAction\",\"target\":{\"@type\":\"EntryPoint\",\"urlTemplate\":\"https:\/\/www.dimmes.com.br\/blogpp\/?s={search_term_string}\"},\"query-input\":\"required name=search_term_string\"}],\"inLanguage\":\"pt-BR\"},{\"@type\":\"Organization\",\"@id\":\"https:\/\/www.dimmes.com.br\/blogpp\/#organization\",\"name\":\"Blog da Loja Dimmes\",\"url\":\"https:\/\/www.dimmes.com.br\/blogpp\/\",\"logo\":{\"@type\":\"ImageObject\",\"inLanguage\":\"pt-BR\",\"@id\":\"https:\/\/www.dimmes.com.br\/blogpp\/#\/schema\/logo\/image\/\",\"url\":\"https:\/\/www.dimmes.com.br\/blogpp\/wp-content\/uploads\/2024\/01\/cropped-logo_D_vrd_75-1.jpg\",\"contentUrl\":\"https:\/\/www.dimmes.com.br\/blogpp\/wp-content\/uploads\/2024\/01\/cropped-logo_D_vrd_75-1.jpg\",\"width\":75,\"height\":76,\"caption\":\"Blog da Loja Dimmes\"},\"image\":{\"@id\":\"https:\/\/www.dimmes.com.br\/blogpp\/#\/schema\/logo\/image\/\"}}]}<\/script>\n<!-- \/ Yoast SEO Premium plugin. -->","yoast_head_json":{"title":"Nossa Loja - Blog da Loja Dimmes","robots":{"index":"index","follow":"follow","max-snippet":"max-snippet:-1","max-image-preview":"max-image-preview:large","max-video-preview":"max-video-preview:-1"},"canonical":"https:\/\/www.dimmes.com.br\/blogpp\/conheca-nossa-loja-virtual\/","og_locale":"pt_BR","og_type":"article","og_title":"Nossa Loja","og_description":"Conhe\u00e7a nossa loja virtual!&nbsp; &nbsp; Entrar na Loja &nbsp; Para Voltar para este blog, basta clicar em BLOG no menu da loja.","og_url":"https:\/\/www.dimmes.com.br\/blogpp\/conheca-nossa-loja-virtual\/","og_site_name":"Blog da Loja Dimmes","article_modified_time":"2023-10-10T02:43:34+00:00","twitter_card":"summary_large_image","twitter_misc":{"Est. tempo de leitura":"1 minuto"},"schema":{"@context":"https:\/\/schema.org","@graph":[{"@type":"WebPage","@id":"https:\/\/www.dimmes.com.br\/blogpp\/conheca-nossa-loja-virtual\/","url":"https:\/\/www.dimmes.com.br\/blogpp\/conheca-nossa-loja-virtual\/","name":"Nossa Loja - Blog da Loja Dimmes","isPartOf":{"@id":"https:\/\/www.dimmes.com.br\/blogpp\/#website"},"datePublished":"2019-01-24T17:44:49+00:00","dateModified":"2023-10-10T02:43:34+00:00","breadcrumb":{"@id":"https:\/\/www.dimmes.com.br\/blogpp\/conheca-nossa-loja-virtual\/#breadcrumb"},"inLanguage":"pt-BR","potentialAction":[{"@type":"ReadAction","target":["https:\/\/www.dimmes.com.br\/blogpp\/conheca-nossa-loja-virtual\/"]}]},{"@type":"BreadcrumbList","@id":"https:\/\/www.dimmes.com.br\/blogpp\/conheca-nossa-loja-virtual\/#breadcrumb","itemListElement":[{"@type":"ListItem","position":1,"name":"Home","item":"https:\/\/www.dimmes.com.br\/blogpp\/"},{"@type":"ListItem","position":2,"name":"Nossa Loja"}]},{"@type":"WebSite","@id":"https:\/\/www.dimmes.com.br\/blogpp\/#website","url":"https:\/\/www.dimmes.com.br\/blogpp\/","name":"Blog da Loja Dimmes","description":"Blog com assuntos relacionados \u00e0s m\u00e3es e de interesse geral da fam\u00edlia.","publisher":{"@id":"https:\/\/www.dimmes.com.br\/blogpp\/#organization"},"potentialAction":[{"@type":"SearchAction","target":{"@type":"EntryPoint","urlTemplate":"https:\/\/www.dimmes.com.br\/blogpp\/?s={search_term_string}"},"query-input":"required name=search_term_string"}],"inLanguage":"pt-BR"},{"@type":"Organization","@id":"https:\/\/www.dimmes.com.br\/blogpp\/#organization","name":"Blog da Loja Dimmes","url":"https:\/\/www.dimmes.com.br\/blogpp\/","logo":{"@type":"ImageObject","inLanguage":"pt-BR","@id":"https:\/\/www.dimmes.com.br\/blogpp\/#\/schema\/logo\/image\/","url":"https:\/\/www.dimmes.com.br\/blogpp\/wp-content\/uploads\/2024\/01\/cropped-logo_D_vrd_75-1.jpg","contentUrl":"https:\/\/www.dimmes.com.br\/blogpp\/wp-content\/uploads\/2024\/01\/cropped-logo_D_vrd_75-1.jpg","width":75,"height":76,"caption":"Blog da Loja Dimmes"},"image":{"@id":"https:\/\/www.dimmes.com.br\/blogpp\/#\/schema\/logo\/image\/"}}]}},"_links":{"self":[{"href":"https:\/\/www.dimmes.com.br\/blogpp\/wp-json\/wp\/v2\/pages\/9","targetHints":{"allow":["GET"]}}],"collection":[{"href":"https:\/\/www.dimmes.com.br\/blogpp\/wp-json\/wp\/v2\/pages"}],"about":[{"href":"https:\/\/www.dimmes.com.br\/blogpp\/wp-json\/wp\/v2\/types\/page"}],"author":[{"embeddable":true,"href":"https:\/\/www.dimmes.com.br\/blogpp\/wp-json\/wp\/v2\/users\/1"}],"replies":[{"embeddable":true,"href":"https:\/\/www.dimmes.com.br\/blogpp\/wp-json\/wp\/v2\/comments?post=9"}],"version-history":[{"count":3,"href":"https:\/\/www.dimmes.com.br\/blogpp\/wp-json\/wp\/v2\/pages\/9\/revisions"}],"predecessor-version":[{"id":1746,"href":"https:\/\/www.dimmes.com.br\/blogpp\/wp-json\/wp\/v2\/pages\/9\/revisions\/1746"}],"wp:featuredmedia":[{"embeddable":true,"href":"https:\/\/www.dimmes.com.br\/blogpp\/wp-json\/"}],"wp:attachment":[{"href":"https:\/\/www.dimmes.com.br\/blogpp\/wp-json\/wp\/v2\/media?parent=9"}],"curies":[{"name":"wp","href":"https:\/\/api.w.org\/{rel}","templated":true}]}}