{"id":218,"date":"2019-03-08T12:12:54","date_gmt":"2019-03-08T15:12:54","guid":{"rendered":"https:\/\/blogpp.dimmes.com.br\/?page_id=218"},"modified":"2019-03-08T12:12:54","modified_gmt":"2019-03-08T15:12:54","slug":"servicos","status":"publish","type":"page","link":"https:\/\/www.dimmes.com.br\/blogpp\/servicos\/","title":{"rendered":"Servi\u00e7os"},"content":{"rendered":"<p>\t\t\t\tA DIMMES, com sua experi\u00eancia em mais de 10 anos de internet e loja virtual, oferece servi\u00e7os de:<\/p>\n<ul>\n<li>Cria\u00e7\u00e3o, constru\u00e7\u00e3o ou melhorias de sites e blogs;<\/li>\n<li>Registro de dom\u00ednios (tenha um endere\u00e7o pr\u00f3prio na internet tipo www.suaempresa.com.br)<\/li>\n<li>Cria\u00e7\u00e3o, constru\u00e7\u00e3o de Ecommerce e servi\u00e7o de consultoria (venda atrav\u00e9s da sua loja virtual na internet 24 horas por dia)<\/li>\n<li>Marketing Digital (Cria\u00e7\u00e3o de campanhas e a\u00e7\u00f5es para aumentar o tr\u00e1fego de potencias clientes para o seu neg\u00f3cio atrav\u00e9s da internet;<\/li>\n<\/ul>\n<p>Para maiores informa\u00e7\u00f5es acesse\u00a0 <a href=\"https:\/\/digital.dimmes.com.br\" target=\"_blank\" rel=\"noopener noreferrer\">https:\/\/digital.dimmes.com.br<\/a><\/p>\n<p>Ou fale conosco atrav\u00e9s de um dos nossos canais de atendimento:<\/p>\n<p>Email: atendimento@dimmes.com.br<br \/>\nTel. : 41 3027-3966<br \/>\nChat: \u00a0<a href=\"https:\/\/www.dimmes.com.br\/loja\/contact_lan.php\">https:\/\/www.dimmes.com.br\/loja\/contact_lan.php<\/a><\/p>\n<p>Visite nosso site:\u00a0 <a href=\"https:\/\/digital.dimmes.com.br\" target=\"_blank\" rel=\"noopener noreferrer\">https:\/\/digital.dimmes.com.br<\/a>\t\t<\/p>\n","protected":false},"excerpt":{"rendered":"<p>A DIMMES, com sua experi\u00eancia em mais de 10 anos de internet e loja virtual, oferece servi\u00e7os de: Cria\u00e7\u00e3o, constru\u00e7\u00e3o ou melhorias de sites e blogs; Registro de dom\u00ednios (tenha um endere\u00e7o pr\u00f3prio na internet tipo www.suaempresa.com.br) Cria\u00e7\u00e3o, constru\u00e7\u00e3o de Ecommerce e servi\u00e7o de consultoria (venda atrav\u00e9s da sua loja virtual na internet 24 horas por dia) Marketing Digital (Cria\u00e7\u00e3o de campanhas e a\u00e7\u00f5es para aumentar o tr\u00e1fego de potencias clientes para o seu neg\u00f3cio atrav\u00e9s da internet; Para maiores informa\u00e7\u00f5es acesse\u00a0 https:\/\/digital.dimmes.com.br Ou fale conosco atrav\u00e9s de um dos nossos canais de atendimento: Email: atendimento@dimmes.com.br Tel. : 41 3027-3966 Chat: \u00a0https:\/\/www.dimmes.com.br\/loja\/contact_lan.php Visite nosso site:\u00a0 https:\/\/digital.dimmes.com.br<\/p>\n","protected":false},"author":1,"featured_media":4,"parent":0,"menu_order":0,"comment_status":"closed","ping_status":"closed","template":"","meta":{"footnotes":""},"class_list":["post-218","page","type-page","status-publish","has-post-thumbnail","hentry"],"yoast_head":"<!-- This site is optimized with the Yoast SEO Premium plugin v17.7 (Yoast SEO v21.2) - https:\/\/yoast.com\/wordpress\/plugins\/seo\/ -->\n<title>Servi\u00e7os - Blog da Loja Dimmes<\/title>\n<meta name=\"robots\" content=\"index, follow, max-snippet:-1, max-image-preview:large, max-video-preview:-1\" \/>\n<link rel=\"canonical\" href=\"https:\/\/www.dimmes.com.br\/blogpp\/servicos\/\" \/>\n<meta property=\"og:locale\" content=\"pt_BR\" \/>\n<meta property=\"og:type\" content=\"article\" \/>\n<meta property=\"og:title\" content=\"Servi\u00e7os\" \/>\n<meta property=\"og:description\" content=\"A DIMMES, com sua experi\u00eancia em mais de 10 anos de internet e loja virtual, oferece servi\u00e7os de: Cria\u00e7\u00e3o, constru\u00e7\u00e3o ou melhorias de sites e blogs; Registro de dom\u00ednios (tenha um endere\u00e7o pr\u00f3prio na internet tipo www.suaempresa.com.br) Cria\u00e7\u00e3o, constru\u00e7\u00e3o de Ecommerce e servi\u00e7o de consultoria (venda atrav\u00e9s da sua loja virtual na internet 24 horas por dia) Marketing Digital (Cria\u00e7\u00e3o de campanhas e a\u00e7\u00f5es para aumentar o tr\u00e1fego de potencias clientes para o seu neg\u00f3cio atrav\u00e9s da internet; Para maiores informa\u00e7\u00f5es acesse\u00a0 https:\/\/digital.dimmes.com.br Ou fale conosco atrav\u00e9s de um dos nossos canais de atendimento: Email: atendimento@dimmes.com.br Tel. : 41 3027-3966 Chat: \u00a0https:\/\/www.dimmes.com.br\/loja\/contact_lan.php Visite nosso site:\u00a0 https:\/\/digital.dimmes.com.br\" \/>\n<meta property=\"og:url\" content=\"https:\/\/www.dimmes.com.br\/blogpp\/servicos\/\" \/>\n<meta property=\"og:site_name\" content=\"Blog da Loja Dimmes\" \/>\n<meta name=\"twitter:card\" content=\"summary_large_image\" \/>\n<meta name=\"twitter:label1\" content=\"Est. tempo de leitura\" \/>\n\t<meta name=\"twitter:data1\" content=\"1 minuto\" \/>\n<script type=\"application\/ld+json\" class=\"yoast-schema-graph\">{\"@context\":\"https:\/\/schema.org\",\"@graph\":[{\"@type\":\"WebPage\",\"@id\":\"https:\/\/www.dimmes.com.br\/blogpp\/servicos\/\",\"url\":\"https:\/\/www.dimmes.com.br\/blogpp\/servicos\/\",\"name\":\"Servi\u00e7os - Blog da Loja Dimmes\",\"isPartOf\":{\"@id\":\"https:\/\/www.dimmes.com.br\/blogpp\/#website\"},\"datePublished\":\"2019-03-08T15:12:54+00:00\",\"dateModified\":\"2019-03-08T15:12:54+00:00\",\"breadcrumb\":{\"@id\":\"https:\/\/www.dimmes.com.br\/blogpp\/servicos\/#breadcrumb\"},\"inLanguage\":\"pt-BR\",\"potentialAction\":[{\"@type\":\"ReadAction\",\"target\":[\"https:\/\/www.dimmes.com.br\/blogpp\/servicos\/\"]}]},{\"@type\":\"BreadcrumbList\",\"@id\":\"https:\/\/www.dimmes.com.br\/blogpp\/servicos\/#breadcrumb\",\"itemListElement\":[{\"@type\":\"ListItem\",\"position\":1,\"name\":\"Home\",\"item\":\"https:\/\/www.dimmes.com.br\/blogpp\/\"},{\"@type\":\"ListItem\",\"position\":2,\"name\":\"Servi\u00e7os\"}]},{\"@type\":\"WebSite\",\"@id\":\"https:\/\/www.dimmes.com.br\/blogpp\/#website\",\"url\":\"https:\/\/www.dimmes.com.br\/blogpp\/\",\"name\":\"Blog da Loja Dimmes\",\"description\":\"Blog com assuntos relacionados \u00e0s m\u00e3es e de interesse geral da fam\u00edlia.\",\"publisher\":{\"@id\":\"https:\/\/www.dimmes.com.br\/blogpp\/#organization\"},\"potentialAction\":[{\"@type\":\"SearchAction\",\"target\":{\"@type\":\"EntryPoint\",\"urlTemplate\":\"https:\/\/www.dimmes.com.br\/blogpp\/?s={search_term_string}\"},\"query-input\":\"required name=search_term_string\"}],\"inLanguage\":\"pt-BR\"},{\"@type\":\"Organization\",\"@id\":\"https:\/\/www.dimmes.com.br\/blogpp\/#organization\",\"name\":\"Blog da Loja Dimmes\",\"url\":\"https:\/\/www.dimmes.com.br\/blogpp\/\",\"logo\":{\"@type\":\"ImageObject\",\"inLanguage\":\"pt-BR\",\"@id\":\"https:\/\/www.dimmes.com.br\/blogpp\/#\/schema\/logo\/image\/\",\"url\":\"https:\/\/www.dimmes.com.br\/blogpp\/wp-content\/uploads\/2024\/01\/cropped-logo_D_vrd_75-1.jpg\",\"contentUrl\":\"https:\/\/www.dimmes.com.br\/blogpp\/wp-content\/uploads\/2024\/01\/cropped-logo_D_vrd_75-1.jpg\",\"width\":75,\"height\":76,\"caption\":\"Blog da Loja Dimmes\"},\"image\":{\"@id\":\"https:\/\/www.dimmes.com.br\/blogpp\/#\/schema\/logo\/image\/\"}}]}<\/script>\n<!-- \/ Yoast SEO Premium plugin. -->","yoast_head_json":{"title":"Servi\u00e7os - Blog da Loja Dimmes","robots":{"index":"index","follow":"follow","max-snippet":"max-snippet:-1","max-image-preview":"max-image-preview:large","max-video-preview":"max-video-preview:-1"},"canonical":"https:\/\/www.dimmes.com.br\/blogpp\/servicos\/","og_locale":"pt_BR","og_type":"article","og_title":"Servi\u00e7os","og_description":"A DIMMES, com sua experi\u00eancia em mais de 10 anos de internet e loja virtual, oferece servi\u00e7os de: Cria\u00e7\u00e3o, constru\u00e7\u00e3o ou melhorias de sites e blogs; Registro de dom\u00ednios (tenha um endere\u00e7o pr\u00f3prio na internet tipo www.suaempresa.com.br) Cria\u00e7\u00e3o, constru\u00e7\u00e3o de Ecommerce e servi\u00e7o de consultoria (venda atrav\u00e9s da sua loja virtual na internet 24 horas por dia) Marketing Digital (Cria\u00e7\u00e3o de campanhas e a\u00e7\u00f5es para aumentar o tr\u00e1fego de potencias clientes para o seu neg\u00f3cio atrav\u00e9s da internet; Para maiores informa\u00e7\u00f5es acesse\u00a0 https:\/\/digital.dimmes.com.br Ou fale conosco atrav\u00e9s de um dos nossos canais de atendimento: Email: atendimento@dimmes.com.br Tel. : 41 3027-3966 Chat: \u00a0https:\/\/www.dimmes.com.br\/loja\/contact_lan.php Visite nosso site:\u00a0 https:\/\/digital.dimmes.com.br","og_url":"https:\/\/www.dimmes.com.br\/blogpp\/servicos\/","og_site_name":"Blog da Loja Dimmes","twitter_card":"summary_large_image","twitter_misc":{"Est. tempo de leitura":"1 minuto"},"schema":{"@context":"https:\/\/schema.org","@graph":[{"@type":"WebPage","@id":"https:\/\/www.dimmes.com.br\/blogpp\/servicos\/","url":"https:\/\/www.dimmes.com.br\/blogpp\/servicos\/","name":"Servi\u00e7os - Blog da Loja Dimmes","isPartOf":{"@id":"https:\/\/www.dimmes.com.br\/blogpp\/#website"},"datePublished":"2019-03-08T15:12:54+00:00","dateModified":"2019-03-08T15:12:54+00:00","breadcrumb":{"@id":"https:\/\/www.dimmes.com.br\/blogpp\/servicos\/#breadcrumb"},"inLanguage":"pt-BR","potentialAction":[{"@type":"ReadAction","target":["https:\/\/www.dimmes.com.br\/blogpp\/servicos\/"]}]},{"@type":"BreadcrumbList","@id":"https:\/\/www.dimmes.com.br\/blogpp\/servicos\/#breadcrumb","itemListElement":[{"@type":"ListItem","position":1,"name":"Home","item":"https:\/\/www.dimmes.com.br\/blogpp\/"},{"@type":"ListItem","position":2,"name":"Servi\u00e7os"}]},{"@type":"WebSite","@id":"https:\/\/www.dimmes.com.br\/blogpp\/#website","url":"https:\/\/www.dimmes.com.br\/blogpp\/","name":"Blog da Loja Dimmes","description":"Blog com assuntos relacionados \u00e0s m\u00e3es e de interesse geral da fam\u00edlia.","publisher":{"@id":"https:\/\/www.dimmes.com.br\/blogpp\/#organization"},"potentialAction":[{"@type":"SearchAction","target":{"@type":"EntryPoint","urlTemplate":"https:\/\/www.dimmes.com.br\/blogpp\/?s={search_term_string}"},"query-input":"required name=search_term_string"}],"inLanguage":"pt-BR"},{"@type":"Organization","@id":"https:\/\/www.dimmes.com.br\/blogpp\/#organization","name":"Blog da Loja Dimmes","url":"https:\/\/www.dimmes.com.br\/blogpp\/","logo":{"@type":"ImageObject","inLanguage":"pt-BR","@id":"https:\/\/www.dimmes.com.br\/blogpp\/#\/schema\/logo\/image\/","url":"https:\/\/www.dimmes.com.br\/blogpp\/wp-content\/uploads\/2024\/01\/cropped-logo_D_vrd_75-1.jpg","contentUrl":"https:\/\/www.dimmes.com.br\/blogpp\/wp-content\/uploads\/2024\/01\/cropped-logo_D_vrd_75-1.jpg","width":75,"height":76,"caption":"Blog da Loja Dimmes"},"image":{"@id":"https:\/\/www.dimmes.com.br\/blogpp\/#\/schema\/logo\/image\/"}}]}},"_links":{"self":[{"href":"https:\/\/www.dimmes.com.br\/blogpp\/wp-json\/wp\/v2\/pages\/218","targetHints":{"allow":["GET"]}}],"collection":[{"href":"https:\/\/www.dimmes.com.br\/blogpp\/wp-json\/wp\/v2\/pages"}],"about":[{"href":"https:\/\/www.dimmes.com.br\/blogpp\/wp-json\/wp\/v2\/types\/page"}],"author":[{"embeddable":true,"href":"https:\/\/www.dimmes.com.br\/blogpp\/wp-json\/wp\/v2\/users\/1"}],"replies":[{"embeddable":true,"href":"https:\/\/www.dimmes.com.br\/blogpp\/wp-json\/wp\/v2\/comments?post=218"}],"version-history":[{"count":0,"href":"https:\/\/www.dimmes.com.br\/blogpp\/wp-json\/wp\/v2\/pages\/218\/revisions"}],"wp:featuredmedia":[{"embeddable":true,"href":"https:\/\/www.dimmes.com.br\/blogpp\/wp-json\/"}],"wp:attachment":[{"href":"https:\/\/www.dimmes.com.br\/blogpp\/wp-json\/wp\/v2\/media?parent=218"}],"curies":[{"name":"wp","href":"https:\/\/api.w.org\/{rel}","templated":true}]}}