{"id":165,"date":"2019-01-24T17:36:32","date_gmt":"2019-01-24T17:36:32","guid":{"rendered":"http:\/\/blogpp.dimmes.com.br\/?page_id=2"},"modified":"2019-01-24T17:36:32","modified_gmt":"2019-01-24T17:36:32","slug":"sample-page-2","status":"publish","type":"page","link":"https:\/\/www.dimmes.com.br\/blogpp\/sample-page-2\/","title":{"rendered":"Fale Conosco"},"content":{"rendered":"<p>\t\t\t\tFale Conosco<\/p>\n<p>Se voc\u00ea tiver alguma d\u00favida sobre nossa empresa, produtos ou servi\u00e7os oferecidos, acesse o link abaixo para falar conosco via chat.<\/p>\n<p>&nbsp;<\/p>\n<p><a href=\"https:\/\/www.dimmes.com.br\/loja\/contact_lan.php\" target=\"_blank\" rel=\"noopener noreferrer\">https:\/\/www.dimmes.com.br\/loja\/contact_lan.php<\/a>\t\t<\/p>\n","protected":false},"excerpt":{"rendered":"<p>Fale Conosco Se voc\u00ea tiver alguma d\u00favida sobre nossa empresa, produtos ou servi\u00e7os oferecidos, acesse o link abaixo para falar conosco via chat. &nbsp; https:\/\/www.dimmes.com.br\/loja\/contact_lan.php<\/p>\n","protected":false},"author":1,"featured_media":0,"parent":0,"menu_order":0,"comment_status":"closed","ping_status":"open","template":"","meta":{"footnotes":""},"class_list":["post-165","page","type-page","status-publish","hentry"],"yoast_head":"<!-- This site is optimized with the Yoast SEO Premium plugin v17.7 (Yoast SEO v21.2) - https:\/\/yoast.com\/wordpress\/plugins\/seo\/ -->\n<title>Fale Conosco - Blog da Loja Dimmes<\/title>\n<meta name=\"robots\" content=\"index, follow, max-snippet:-1, max-image-preview:large, max-video-preview:-1\" \/>\n<link rel=\"canonical\" href=\"https:\/\/www.dimmes.com.br\/blogpp\/sample-page-2\/\" \/>\n<meta property=\"og:locale\" content=\"pt_BR\" \/>\n<meta property=\"og:type\" content=\"article\" \/>\n<meta property=\"og:title\" content=\"Fale Conosco\" \/>\n<meta property=\"og:description\" content=\"Fale Conosco Se voc\u00ea tiver alguma d\u00favida sobre nossa empresa, produtos ou servi\u00e7os oferecidos, acesse o link abaixo para falar conosco via chat. &nbsp; https:\/\/www.dimmes.com.br\/loja\/contact_lan.php\" \/>\n<meta property=\"og:url\" content=\"https:\/\/www.dimmes.com.br\/blogpp\/sample-page-2\/\" \/>\n<meta property=\"og:site_name\" content=\"Blog da Loja Dimmes\" \/>\n<meta name=\"twitter:card\" content=\"summary_large_image\" \/>\n<script type=\"application\/ld+json\" class=\"yoast-schema-graph\">{\"@context\":\"https:\/\/schema.org\",\"@graph\":[{\"@type\":\"WebPage\",\"@id\":\"https:\/\/www.dimmes.com.br\/blogpp\/sample-page-2\/\",\"url\":\"https:\/\/www.dimmes.com.br\/blogpp\/sample-page-2\/\",\"name\":\"Fale Conosco - Blog da Loja Dimmes\",\"isPartOf\":{\"@id\":\"https:\/\/www.dimmes.com.br\/blogpp\/#website\"},\"datePublished\":\"2019-01-24T17:36:32+00:00\",\"dateModified\":\"2019-01-24T17:36:32+00:00\",\"breadcrumb\":{\"@id\":\"https:\/\/www.dimmes.com.br\/blogpp\/sample-page-2\/#breadcrumb\"},\"inLanguage\":\"pt-BR\",\"potentialAction\":[{\"@type\":\"ReadAction\",\"target\":[\"https:\/\/www.dimmes.com.br\/blogpp\/sample-page-2\/\"]}]},{\"@type\":\"BreadcrumbList\",\"@id\":\"https:\/\/www.dimmes.com.br\/blogpp\/sample-page-2\/#breadcrumb\",\"itemListElement\":[{\"@type\":\"ListItem\",\"position\":1,\"name\":\"Home\",\"item\":\"https:\/\/www.dimmes.com.br\/blogpp\/\"},{\"@type\":\"ListItem\",\"position\":2,\"name\":\"Fale Conosco\"}]},{\"@type\":\"WebSite\",\"@id\":\"https:\/\/www.dimmes.com.br\/blogpp\/#website\",\"url\":\"https:\/\/www.dimmes.com.br\/blogpp\/\",\"name\":\"Blog da Loja Dimmes\",\"description\":\"Blog com assuntos relacionados \u00e0s m\u00e3es e de interesse geral da fam\u00edlia.\",\"publisher\":{\"@id\":\"https:\/\/www.dimmes.com.br\/blogpp\/#organization\"},\"potentialAction\":[{\"@type\":\"SearchAction\",\"target\":{\"@type\":\"EntryPoint\",\"urlTemplate\":\"https:\/\/www.dimmes.com.br\/blogpp\/?s={search_term_string}\"},\"query-input\":\"required name=search_term_string\"}],\"inLanguage\":\"pt-BR\"},{\"@type\":\"Organization\",\"@id\":\"https:\/\/www.dimmes.com.br\/blogpp\/#organization\",\"name\":\"Blog da Loja Dimmes\",\"url\":\"https:\/\/www.dimmes.com.br\/blogpp\/\",\"logo\":{\"@type\":\"ImageObject\",\"inLanguage\":\"pt-BR\",\"@id\":\"https:\/\/www.dimmes.com.br\/blogpp\/#\/schema\/logo\/image\/\",\"url\":\"https:\/\/www.dimmes.com.br\/blogpp\/wp-content\/uploads\/2024\/01\/cropped-logo_D_vrd_75-1.jpg\",\"contentUrl\":\"https:\/\/www.dimmes.com.br\/blogpp\/wp-content\/uploads\/2024\/01\/cropped-logo_D_vrd_75-1.jpg\",\"width\":75,\"height\":76,\"caption\":\"Blog da Loja Dimmes\"},\"image\":{\"@id\":\"https:\/\/www.dimmes.com.br\/blogpp\/#\/schema\/logo\/image\/\"}}]}<\/script>\n<!-- \/ Yoast SEO Premium plugin. -->","yoast_head_json":{"title":"Fale Conosco - Blog da Loja Dimmes","robots":{"index":"index","follow":"follow","max-snippet":"max-snippet:-1","max-image-preview":"max-image-preview:large","max-video-preview":"max-video-preview:-1"},"canonical":"https:\/\/www.dimmes.com.br\/blogpp\/sample-page-2\/","og_locale":"pt_BR","og_type":"article","og_title":"Fale Conosco","og_description":"Fale Conosco Se voc\u00ea tiver alguma d\u00favida sobre nossa empresa, produtos ou servi\u00e7os oferecidos, acesse o link abaixo para falar conosco via chat. &nbsp; https:\/\/www.dimmes.com.br\/loja\/contact_lan.php","og_url":"https:\/\/www.dimmes.com.br\/blogpp\/sample-page-2\/","og_site_name":"Blog da Loja Dimmes","twitter_card":"summary_large_image","schema":{"@context":"https:\/\/schema.org","@graph":[{"@type":"WebPage","@id":"https:\/\/www.dimmes.com.br\/blogpp\/sample-page-2\/","url":"https:\/\/www.dimmes.com.br\/blogpp\/sample-page-2\/","name":"Fale Conosco - Blog da Loja Dimmes","isPartOf":{"@id":"https:\/\/www.dimmes.com.br\/blogpp\/#website"},"datePublished":"2019-01-24T17:36:32+00:00","dateModified":"2019-01-24T17:36:32+00:00","breadcrumb":{"@id":"https:\/\/www.dimmes.com.br\/blogpp\/sample-page-2\/#breadcrumb"},"inLanguage":"pt-BR","potentialAction":[{"@type":"ReadAction","target":["https:\/\/www.dimmes.com.br\/blogpp\/sample-page-2\/"]}]},{"@type":"BreadcrumbList","@id":"https:\/\/www.dimmes.com.br\/blogpp\/sample-page-2\/#breadcrumb","itemListElement":[{"@type":"ListItem","position":1,"name":"Home","item":"https:\/\/www.dimmes.com.br\/blogpp\/"},{"@type":"ListItem","position":2,"name":"Fale Conosco"}]},{"@type":"WebSite","@id":"https:\/\/www.dimmes.com.br\/blogpp\/#website","url":"https:\/\/www.dimmes.com.br\/blogpp\/","name":"Blog da Loja Dimmes","description":"Blog com assuntos relacionados \u00e0s m\u00e3es e de interesse geral da fam\u00edlia.","publisher":{"@id":"https:\/\/www.dimmes.com.br\/blogpp\/#organization"},"potentialAction":[{"@type":"SearchAction","target":{"@type":"EntryPoint","urlTemplate":"https:\/\/www.dimmes.com.br\/blogpp\/?s={search_term_string}"},"query-input":"required name=search_term_string"}],"inLanguage":"pt-BR"},{"@type":"Organization","@id":"https:\/\/www.dimmes.com.br\/blogpp\/#organization","name":"Blog da Loja Dimmes","url":"https:\/\/www.dimmes.com.br\/blogpp\/","logo":{"@type":"ImageObject","inLanguage":"pt-BR","@id":"https:\/\/www.dimmes.com.br\/blogpp\/#\/schema\/logo\/image\/","url":"https:\/\/www.dimmes.com.br\/blogpp\/wp-content\/uploads\/2024\/01\/cropped-logo_D_vrd_75-1.jpg","contentUrl":"https:\/\/www.dimmes.com.br\/blogpp\/wp-content\/uploads\/2024\/01\/cropped-logo_D_vrd_75-1.jpg","width":75,"height":76,"caption":"Blog da Loja Dimmes"},"image":{"@id":"https:\/\/www.dimmes.com.br\/blogpp\/#\/schema\/logo\/image\/"}}]}},"_links":{"self":[{"href":"https:\/\/www.dimmes.com.br\/blogpp\/wp-json\/wp\/v2\/pages\/165","targetHints":{"allow":["GET"]}}],"collection":[{"href":"https:\/\/www.dimmes.com.br\/blogpp\/wp-json\/wp\/v2\/pages"}],"about":[{"href":"https:\/\/www.dimmes.com.br\/blogpp\/wp-json\/wp\/v2\/types\/page"}],"author":[{"embeddable":true,"href":"https:\/\/www.dimmes.com.br\/blogpp\/wp-json\/wp\/v2\/users\/1"}],"replies":[{"embeddable":true,"href":"https:\/\/www.dimmes.com.br\/blogpp\/wp-json\/wp\/v2\/comments?post=165"}],"version-history":[{"count":0,"href":"https:\/\/www.dimmes.com.br\/blogpp\/wp-json\/wp\/v2\/pages\/165\/revisions"}],"wp:attachment":[{"href":"https:\/\/www.dimmes.com.br\/blogpp\/wp-json\/wp\/v2\/media?parent=165"}],"curies":[{"name":"wp","href":"https:\/\/api.w.org\/{rel}","templated":true}]}}